{"id":707,"date":"2020-12-02T07:46:56","date_gmt":"2020-12-02T07:46:56","guid":{"rendered":"https:\/\/burodeservicios.com\/?page_id=707"},"modified":"2021-10-11T08:04:15","modified_gmt":"2021-10-11T08:04:15","slug":"que-somos","status":"publish","type":"page","link":"https:\/\/burodeservicios.com\/index.php\/que-somos\/","title":{"rendered":"\u00bfQu\u00e9 es el Bur\u00f3 de Servicios?"},"content":{"rendered":"\n<h1>Acerca de Bur\u00f3 de Servicios <\/h1>\n\n\n\n<p>Bur\u00f3 de Servicios es la primera asociaci\u00f3n que califica de forma ser\u00eda y real a las distintas instituciones financieras y comerciales, as\u00ed como a las empresas que hay en el pa\u00eds. <\/p>\n\n\n\n<p>Somos una asociaci\u00f3n 100% ciudadana que busca llevar informaci\u00f3n real a los consumidores. <\/p>\n\n\n\n<p>Nuestra base de datos de empresas, que se dedican a prestar alg\u00fan servicio o a la venta de distintos bienes, es las m\u00e1s completa y confiable. <\/p>\n\n\n\n<p>Bur\u00f3 de Servicios es de gran importancia para todos los consumidores. A trav\u00e9s de nosotros, millones de personas obtienen la informaci\u00f3n necesaria que les permite decidir cu\u00e1l es la mejor opci\u00f3n para contratar un servicio o adquirir un bien. <\/p>\n\n\n\n<h2>Nuestra Misi\u00f3n<\/h2>\n\n\n\n<p><strong>Desarrollar y proveer informaci\u00f3n real<\/strong> a los consumidores para&nbsp;<strong>que puedan elegir la mejor opci\u00f3n<\/strong> disponible en el mercado, y as\u00ed facilitar la toma de decisiones<strong> al momento de contratar un servicio o adquirir un producto.<\/strong><\/p>\n\n\n\n<h2>Nuestra Visi\u00f3n<\/h2>\n\n\n\n<p>Ser el l\u00edder en proveer soluciones para la&nbsp;proveer informaci\u00f3n oportuna y transparente al consumidor, creando valor para todos nuestros, colaboradores y&nbsp;<strong>facilitando el acceso a<\/strong> <strong>la informaci\u00f3n<\/strong>&nbsp;a los consumidores.<\/p>\n\n\n\n<h3>\u00a1Es hora de que tu voz se escuche!<\/h3>\n\n\n\n<p>Hasta ahora, los \u00fanicos que pod\u00edamos tener una &#8220;mala calificaci\u00f3n&#8221; ante las distintas instancias \u00e9ramos nosotros, los ciudadanos. Las empresas no ten\u00edan un marco que las calificara con base en su calidad y pod\u00edan trabajar sin respetar garant\u00edas, ofrecimientos o acuerdos hacia el consumidor. <strong>Es por eso que nace el Bur\u00f3 de Servicios.<\/strong> Una asociaci\u00f3n ciudadana que busca informar por medio de calificaciones reales, el comportamiento de las distintas empresas, instituciones financieras y comerciales que hay en el pa\u00eds.<\/p>\n\n\n\n<h3>Pero&#8230; \u00bfQue no ya se puede uno quejar en redes sociales o en Google?<\/h3>\n\n\n\n<p>S\u00ed, pero, por desgracia, esas &#8220;quejas&#8221; carecen de sustento. Much\u00edsimas de ellas son creadas con cuentas falsas. As\u00ed las cosas, el consumidor no tiene certeza de si las opiniones expuestas en los medios antes mencionados son reales o falsas y por lo tanto, queda exactamente igual que cuando comenz\u00f3: sin saber la verdad.<\/p>\n\n\n\n<h3>Filtrar y comprobar<\/h3>\n\n\n\n<p>Para que un consumidor pueda interponer una queja o una denuncia en el Bur\u00f3 de Servicios, primeramente deber\u00e1 de haber iniciado ya una queja directamente ante la instancia correspondiente (CONDUSEF o PROFECO por ejemplo). El consumidor, deber\u00e1 enviar copia de su denuncia interpuesta y luego de una valoraci\u00f3n, de ser genuina su queja o su denuncia, esta aparecer\u00e1 reportada en el Bur\u00f3 de Servicios.<\/p>\n\n\n\n<h3>\u00a1Denuncia! Es tu derecho<\/h3>\n\n\n\n<p>Ahora t\u00fa tambi\u00e9n podr\u00e1s &#8220;mandar a Bur\u00f3&#8221; a las empresas cuando incumplan con lo ofrecido. Es hora de que tu voz, sea escuchada. Adem\u00e1s de todo, este es un servicio gratuito. <\/p>\n\n\n\n<p>Atentamente, <strong>Bur\u00f3 de Servicios<\/strong>.<\/p>\n","protected":false},"excerpt":{"rendered":"<p>Acerca de Bur\u00f3 de Servicios Bur\u00f3 de Servicios es la primera asociaci\u00f3n que califica de forma ser\u00eda y real a las distintas instituciones financieras y comerciales, as\u00ed como a las empresas que hay en el pa\u00eds. Somos una asociaci\u00f3n 100% ciudadana que busca llevar informaci\u00f3n real a los consumidores. Nuestra base de datos de empresas, [&hellip;]<\/p>\n","protected":false},"author":1,"featured_media":0,"parent":0,"menu_order":0,"comment_status":"closed","ping_status":"closed","template":"","meta":[],"_links":{"self":[{"href":"https:\/\/burodeservicios.com\/index.php\/wp-json\/wp\/v2\/pages\/707"}],"collection":[{"href":"https:\/\/burodeservicios.com\/index.php\/wp-json\/wp\/v2\/pages"}],"about":[{"href":"https:\/\/burodeservicios.com\/index.php\/wp-json\/wp\/v2\/types\/page"}],"author":[{"embeddable":true,"href":"https:\/\/burodeservicios.com\/index.php\/wp-json\/wp\/v2\/users\/1"}],"replies":[{"embeddable":true,"href":"https:\/\/burodeservicios.com\/index.php\/wp-json\/wp\/v2\/comments?post=707"}],"version-history":[{"count":8,"href":"https:\/\/burodeservicios.com\/index.php\/wp-json\/wp\/v2\/pages\/707\/revisions"}],"predecessor-version":[{"id":2959,"href":"https:\/\/burodeservicios.com\/index.php\/wp-json\/wp\/v2\/pages\/707\/revisions\/2959"}],"wp:attachment":[{"href":"https:\/\/burodeservicios.com\/index.php\/wp-json\/wp\/v2\/media?parent=707"}],"curies":[{"name":"wp","href":"https:\/\/api.w.org\/{rel}","templated":true}]}}